{"id":151,"date":"2021-12-19T07:31:59","date_gmt":"2021-12-19T07:31:59","guid":{"rendered":"https:\/\/www.gynekologietabor.cz\/?page_id=151"},"modified":"2026-03-25T11:26:21","modified_gmt":"2026-03-25T11:26:21","slug":"ordinacni-doba","status":"publish","type":"page","link":"https:\/\/www.gynekologietabor.cz\/?page_id=151","title":{"rendered":"ORDINA\u010cN\u00cd DOBA"},"content":{"rendered":"\n<p class=\"has-text-align-center\"><span style=\"font-size: 18pt;\"><\/span><span style=\"font-family: arial, helvetica, sans-serif; font-size: 14pt;\"><span style=\"color: #320000;\">Po 7:00 &#8211; 15:00<\/span><\/span><br><span style=\"font-family: arial, helvetica, sans-serif; font-size: 14pt;\"><span style=\"color: #320000;\">\u00dat 7:30 &#8211; 14:30<\/span><\/span><br><span style=\"font-family: arial, helvetica, sans-serif; font-size: 14pt;\"><span style=\"color: #320000;\">St 7:00 &#8211; 15:00<\/span><\/span><br><span style=\"font-family: arial, helvetica, sans-serif; font-size: 14pt;\"><span style=\"color: #320000;\">\u010ct 7:30 &#8211; 16:00<\/span><\/span><br><span style=\"font-family: arial, helvetica, sans-serif; font-size: 14pt;\"><span style=\"color: #320000;\">P\u00e1 8:00 &#8211; 9:30 mal\u00e9 chirurgick\u00e9 v\u00fdkony jen pro objednan\u00e9<\/span><\/span><\/p>\n\n\n\n<div style=\"height:30px\" aria-hidden=\"true\" class=\"wp-block-spacer\"><\/div>\n","protected":false},"excerpt":{"rendered":"<p>Po 7:00 &#8211; 15:00\u00dat 7:30 &#8211; 14:30St 7:00 &#8211; 15:00\u010ct 7:30 &#8211; 16:00P\u00e1 8:00 &#8211; 9:30 mal\u00e9 chirurgick\u00e9 v\u00fdkony jen pro objednan\u00e9<\/p>\n","protected":false},"author":2,"featured_media":0,"parent":0,"menu_order":0,"comment_status":"closed","ping_status":"closed","template":"","meta":{"neve_meta_sidebar":"","neve_meta_container":"","neve_meta_enable_content_width":"off","neve_meta_content_width":100,"neve_meta_title_alignment":"","neve_meta_author_avatar":"","neve_post_elements_order":"","neve_meta_disable_header":"","neve_meta_disable_footer":"","neve_meta_disable_title":"","footnotes":""},"class_list":["post-151","page","type-page","status-publish","hentry"],"_links":{"self":[{"href":"https:\/\/www.gynekologietabor.cz\/index.php?rest_route=\/wp\/v2\/pages\/151","targetHints":{"allow":["GET"]}}],"collection":[{"href":"https:\/\/www.gynekologietabor.cz\/index.php?rest_route=\/wp\/v2\/pages"}],"about":[{"href":"https:\/\/www.gynekologietabor.cz\/index.php?rest_route=\/wp\/v2\/types\/page"}],"author":[{"embeddable":true,"href":"https:\/\/www.gynekologietabor.cz\/index.php?rest_route=\/wp\/v2\/users\/2"}],"replies":[{"embeddable":true,"href":"https:\/\/www.gynekologietabor.cz\/index.php?rest_route=%2Fwp%2Fv2%2Fcomments&post=151"}],"version-history":[{"count":161,"href":"https:\/\/www.gynekologietabor.cz\/index.php?rest_route=\/wp\/v2\/pages\/151\/revisions"}],"predecessor-version":[{"id":888,"href":"https:\/\/www.gynekologietabor.cz\/index.php?rest_route=\/wp\/v2\/pages\/151\/revisions\/888"}],"wp:attachment":[{"href":"https:\/\/www.gynekologietabor.cz\/index.php?rest_route=%2Fwp%2Fv2%2Fmedia&parent=151"}],"curies":[{"name":"wp","href":"https:\/\/api.w.org\/{rel}","templated":true}]}}