{"id":160,"date":"2021-12-19T07:37:31","date_gmt":"2021-12-19T07:37:31","guid":{"rendered":"https:\/\/www.gynekologietabor.cz\/?page_id=160"},"modified":"2026-03-23T15:45:09","modified_gmt":"2026-03-23T15:45:09","slug":"zpet-na-uvod","status":"publish","type":"page","link":"https:\/\/www.gynekologietabor.cz\/","title":{"rendered":"O N\u00c1S"},"content":{"rendered":"\n<figure class=\"wp-block-image size-large is-resized\"><img loading=\"lazy\" decoding=\"async\" width=\"1024\" height=\"361\" src=\"https:\/\/www.gynekologietabor.cz\/wp-content\/uploads\/2023\/12\/IMG_20231212_135836_edited-1-1024x361.jpg\" alt=\"\" class=\"wp-image-582\" style=\"width:1172px;height:auto\" srcset=\"https:\/\/www.gynekologietabor.cz\/wp-content\/uploads\/2023\/12\/IMG_20231212_135836_edited-1-1024x361.jpg 1024w, https:\/\/www.gynekologietabor.cz\/wp-content\/uploads\/2023\/12\/IMG_20231212_135836_edited-1-300x106.jpg 300w, https:\/\/www.gynekologietabor.cz\/wp-content\/uploads\/2023\/12\/IMG_20231212_135836_edited-1-768x271.jpg 768w, https:\/\/www.gynekologietabor.cz\/wp-content\/uploads\/2023\/12\/IMG_20231212_135836_edited-1-1536x542.jpg 1536w, https:\/\/www.gynekologietabor.cz\/wp-content\/uploads\/2023\/12\/IMG_20231212_135836_edited-1-2048x723.jpg 2048w\" sizes=\"auto, (max-width: 1024px) 100vw, 1024px\" \/><\/figure>\n\n\n\n<p class=\"has-text-align-center\"><span style=\"font-size: 24pt;\"><strong><\/strong><\/span><\/p>\n\n\n\n<p class=\"has-text-align-center\"><span style=\"font-size: 24pt;\"><strong>MUDr. Michaela Dubcov\u00e1&nbsp; <\/strong>|&nbsp; <\/span><span style=\"font-size: 24pt;\"><strong>MUDr. Martin Kol\u00e1\u0159<br><\/strong><\/span><span style=\"color: #320000;\"><strong><span style=\"font-size: 18pt;\"><span style=\"font-size: 14pt;\">GYNEKOLOGICKO-PORODNICK\u00c1&nbsp; AMBULANCE<\/span><\/span><\/strong><\/span><\/p>\n\n\n\n<p class=\"has-text-align-center\"><span style=\"color: #000000;\">Poskytujeme preventivn\u00ed, diagnostickou a&nbsp; l\u00e9\u010debnou p\u00e9\u010di v r\u00e1mci oboru gynekologie. Komplexn\u00ed p\u00e9\u010di o t\u011bhotn\u00e9.<br>Vyu\u017e\u00edv\u00e1me na\u0161ich dlouholet\u00fdch zku\u0161enost\u00ed z nemocni\u010dn\u00ed i ambulantn\u00ed sf\u00e9ry a zku\u0161enost\u00ed z centra asistovan\u00e9 reprodukce<\/span>.<br><mark style=\"background-color:rgba(0, 0, 0, 0)\" class=\"has-inline-color has-nv-dark-bg-color\">Nab\u00edz\u00edme modern\u00ed diagnostick\u00e9 metody, profesion\u00e1ln\u00ed p\u0159\u00edstup a diskr\u00e9tn\u00ed prost\u0159ed\u00ed.<\/mark><\/p>\n\n\n\n<h4 class=\"wp-block-heading has-text-align-center\"><strong><em>Registrujeme nov\u00e9 pacientky.<\/em><\/strong><\/h4>\n\n\n\n<hr class=\"wp-block-separator has-text-color has-nv-dark-bg-color has-alpha-channel-opacity has-nv-dark-bg-background-color has-background is-style-default\"\/>\n\n\n\n<h4 class=\"wp-block-heading has-text-align-center\"><mark style=\"background-color:rgba(0, 0, 0, 0)\" class=\"has-inline-color has-neve-text-color-color\">AKTUALITY:<\/mark><\/h4>\n\n\n\n<div class=\"pt-cv-wrapper\"><div class=\"pt-cv-view pt-cv-collapsible\" id=\"pt-cv-view-ac171a5r6s\"><div data-id=\"pt-cv-page-1\" class=\"pt-cv-page\" data-cvc=\"1\"><div class=\"panel-group\" id=\"6310734yko\"><div class=\"panel panel-default pt-cv-content-item pt-cv-1-col\" >\r\n<div class=\"panel-heading pt-cv-title\">\r\n    <a class=\"panel-title\" data-toggle=\"cvcollapse\" data-parent=\"#6310734yko\" data-target=\"#696e5a00fo\" href='https:\/\/www.gynekologietabor.cz\/?p=963' onclick='event.preventDefault()'>\r\n\t\tMoment\u00e1ln\u011b nen\u00ed pl\u00e1novan\u00e1 \u017e\u00e1dn\u00e1 dovolen\u00e1. Ambulance pracuje v norm\u00e1ln\u00edch ordina\u010dn\u00edch hodin\u00e1ch.\t<\/a>\r\n\t<\/div>\r\n<div id=\"696e5a00fo\" class=\"panel-collapse collapse in\">\r\n\t<div class=\"panel-body\">\r\n\t\t<a href=\"https:\/\/www.gynekologietabor.cz\/?p=963\" class=\"_self pt-cv-href-thumbnail pt-cv-thumb-default\" target=\"_self\" ><\/a>\t<\/div>\r\n<\/div><\/div><\/div><\/div><\/div><\/div>\n\n\n\n<div style=\"height:15px\" aria-hidden=\"true\" class=\"wp-block-spacer\"><\/div>\n","protected":false},"excerpt":{"rendered":"<p>MUDr. Michaela Dubcov\u00e1&nbsp; |&nbsp; MUDr. Martin Kol\u00e1\u0159GYNEKOLOGICKO-PORODNICK\u00c1&nbsp; AMBULANCE Poskytujeme preventivn\u00ed, diagnostickou a&nbsp; l\u00e9\u010debnou p\u00e9\u010di v r\u00e1mci oboru gynekologie. Komplexn\u00ed p\u00e9\u010di o t\u011bhotn\u00e9.Vyu\u017e\u00edv\u00e1me na\u0161ich dlouholet\u00fdch zku\u0161enost\u00ed z nemocni\u010dn\u00ed i ambulantn\u00ed sf\u00e9ry a zku\u0161enost\u00ed z centra asistovan\u00e9 reprodukce.Nab\u00edz\u00edme modern\u00ed diagnostick\u00e9 metody, profesion\u00e1ln\u00ed p\u0159\u00edstup a diskr\u00e9tn\u00ed prost\u0159ed\u00ed. Registrujeme nov\u00e9 pacientky. AKTUALITY:<\/p>\n","protected":false},"author":2,"featured_media":0,"parent":0,"menu_order":0,"comment_status":"closed","ping_status":"closed","template":"","meta":{"neve_meta_sidebar":"","neve_meta_container":"","neve_meta_enable_content_width":"off","neve_meta_content_width":100,"neve_meta_title_alignment":"","neve_meta_author_avatar":"","neve_post_elements_order":"","neve_meta_disable_header":"","neve_meta_disable_footer":"","neve_meta_disable_title":"","footnotes":""},"class_list":["post-160","page","type-page","status-publish","hentry"],"_links":{"self":[{"href":"https:\/\/www.gynekologietabor.cz\/index.php?rest_route=\/wp\/v2\/pages\/160","targetHints":{"allow":["GET"]}}],"collection":[{"href":"https:\/\/www.gynekologietabor.cz\/index.php?rest_route=\/wp\/v2\/pages"}],"about":[{"href":"https:\/\/www.gynekologietabor.cz\/index.php?rest_route=\/wp\/v2\/types\/page"}],"author":[{"embeddable":true,"href":"https:\/\/www.gynekologietabor.cz\/index.php?rest_route=\/wp\/v2\/users\/2"}],"replies":[{"embeddable":true,"href":"https:\/\/www.gynekologietabor.cz\/index.php?rest_route=%2Fwp%2Fv2%2Fcomments&post=160"}],"version-history":[{"count":72,"href":"https:\/\/www.gynekologietabor.cz\/index.php?rest_route=\/wp\/v2\/pages\/160\/revisions"}],"predecessor-version":[{"id":804,"href":"https:\/\/www.gynekologietabor.cz\/index.php?rest_route=\/wp\/v2\/pages\/160\/revisions\/804"}],"wp:attachment":[{"href":"https:\/\/www.gynekologietabor.cz\/index.php?rest_route=%2Fwp%2Fv2%2Fmedia&parent=160"}],"curies":[{"name":"wp","href":"https:\/\/api.w.org\/{rel}","templated":true}]}}