{"id":778,"date":"2026-03-23T15:19:49","date_gmt":"2026-03-23T15:19:49","guid":{"rendered":"https:\/\/www.gynekologietabor.cz\/?page_id=778"},"modified":"2026-04-17T12:20:10","modified_gmt":"2026-04-17T12:20:10","slug":"nas-tym","status":"publish","type":"page","link":"https:\/\/www.gynekologietabor.cz\/?page_id=778","title":{"rendered":"N\u00c1\u0160 T\u00ddM"},"content":{"rendered":"\n<p class=\"has-text-align-center\"><span style=\"font-size: 14pt; color: #000000;\"><\/span><\/p>\n\n\n\n<div class=\"wp-block-columns is-layout-flex wp-container-core-columns-is-layout-ed5226f6 wp-block-columns-is-layout-flex\" style=\"border-style:none;border-width:0px;border-top-left-radius:0px;border-top-right-radius:0px;border-bottom-left-radius:0px;border-bottom-right-radius:0px;padding-right:0;padding-left:0\">\n<div class=\"wp-block-column is-layout-flow wp-block-column-is-layout-flow\" style=\"padding-top:0;padding-right:var(--wp--preset--spacing--50);padding-bottom:0;padding-left:0\"><div class=\"wp-block-image is-style-rounded\">\n<figure class=\"aligncenter size-full is-resized has-custom-border\"><img loading=\"lazy\" decoding=\"async\" width=\"806\" height=\"1095\" src=\"http:\/\/www.gynekologietabor.cz\/wp-content\/uploads\/2026\/04\/Gemini_Generated_Image_94ou0w94ou0w94ou-e1776428263317.png\" alt=\"\" class=\"wp-image-973\" style=\"border-style:none;border-width:0px;border-top-left-radius:100px;border-top-right-radius:100px;border-bottom-left-radius:100px;border-bottom-right-radius:100px;aspect-ratio:0.7500080625189737;object-fit:cover;width:280px\" srcset=\"https:\/\/www.gynekologietabor.cz\/wp-content\/uploads\/2026\/04\/Gemini_Generated_Image_94ou0w94ou0w94ou-e1776428263317.png 806w, https:\/\/www.gynekologietabor.cz\/wp-content\/uploads\/2026\/04\/Gemini_Generated_Image_94ou0w94ou0w94ou-e1776428263317-221x300.png 221w, https:\/\/www.gynekologietabor.cz\/wp-content\/uploads\/2026\/04\/Gemini_Generated_Image_94ou0w94ou0w94ou-e1776428263317-754x1024.png 754w, https:\/\/www.gynekologietabor.cz\/wp-content\/uploads\/2026\/04\/Gemini_Generated_Image_94ou0w94ou0w94ou-e1776428263317-768x1043.png 768w\" sizes=\"auto, (max-width: 806px) 100vw, 806px\" \/><\/figure>\n<\/div>\n\n\n<div style=\"height:10px\" aria-hidden=\"true\" class=\"wp-block-spacer\"><\/div>\n\n\n\n<p class=\"has-text-align-center\"><span style=\"font-size: 14pt;\"><strong>MUDr. Michaela Dubcov\u00e1<\/strong><\/span><br><span style=\"color: #000000; font-size: 14pt;\">atestace v oboru gynekologie a porodnictv\u00ed<\/span><\/p>\n<\/div>\n\n\n\n<div class=\"wp-block-column is-layout-flow wp-block-column-is-layout-flow\" style=\"padding-right:var(--wp--preset--spacing--50);padding-left:var(--wp--preset--spacing--50)\"><div class=\"wp-block-image is-style-rounded\">\n<figure class=\"aligncenter size-full is-resized has-custom-border\"><img loading=\"lazy\" decoding=\"async\" width=\"832\" height=\"1098\" src=\"http:\/\/www.gynekologietabor.cz\/wp-content\/uploads\/2026\/04\/1776278698835-e1776428286557.png\" alt=\"\" class=\"wp-image-972\" style=\"border-top-left-radius:100px;border-top-right-radius:100px;border-bottom-left-radius:100px;border-bottom-right-radius:100px;aspect-ratio:0.7515222270337266;object-fit:cover;width:280px\" srcset=\"https:\/\/www.gynekologietabor.cz\/wp-content\/uploads\/2026\/04\/1776278698835-e1776428286557.png 832w, https:\/\/www.gynekologietabor.cz\/wp-content\/uploads\/2026\/04\/1776278698835-e1776428286557-227x300.png 227w, https:\/\/www.gynekologietabor.cz\/wp-content\/uploads\/2026\/04\/1776278698835-e1776428286557-776x1024.png 776w, https:\/\/www.gynekologietabor.cz\/wp-content\/uploads\/2026\/04\/1776278698835-e1776428286557-768x1014.png 768w\" sizes=\"auto, (max-width: 832px) 100vw, 832px\" \/><\/figure>\n<\/div>\n\n\n<div style=\"height:10px\" aria-hidden=\"true\" class=\"wp-block-spacer\"><\/div>\n\n\n\n<p class=\"has-text-align-center\"><span style=\"font-size: 14pt;\"><strong>MUDr. Martin Kol\u00e1\u0159<\/strong><\/span><br><span style=\"color: #000000; font-size: 14pt;\">atestace v oboru gynekologie a porodnictv\u00ed<\/span><br><\/p>\n<\/div>\n\n\n\n<div class=\"wp-block-column is-layout-flow wp-block-column-is-layout-flow\" style=\"padding-left:var(--wp--preset--spacing--50)\"><div class=\"wp-block-image is-style-rounded\">\n<figure class=\"aligncenter size-full is-resized has-custom-border\"><img loading=\"lazy\" decoding=\"async\" width=\"1503\" height=\"1990\" src=\"http:\/\/www.gynekologietabor.cz\/wp-content\/uploads\/2026\/04\/009-e1776428404165.jpg\" alt=\"\" class=\"wp-image-971\" style=\"border-top-left-radius:100px;border-top-right-radius:100px;border-bottom-left-radius:100px;border-bottom-right-radius:100px;aspect-ratio:0.748864324318865;object-fit:cover;width:280px\" srcset=\"https:\/\/www.gynekologietabor.cz\/wp-content\/uploads\/2026\/04\/009-e1776428404165.jpg 1503w, https:\/\/www.gynekologietabor.cz\/wp-content\/uploads\/2026\/04\/009-e1776428404165-227x300.jpg 227w, https:\/\/www.gynekologietabor.cz\/wp-content\/uploads\/2026\/04\/009-e1776428404165-773x1024.jpg 773w, https:\/\/www.gynekologietabor.cz\/wp-content\/uploads\/2026\/04\/009-e1776428404165-768x1017.jpg 768w, https:\/\/www.gynekologietabor.cz\/wp-content\/uploads\/2026\/04\/009-e1776428404165-1160x1536.jpg 1160w\" sizes=\"auto, (max-width: 1503px) 100vw, 1503px\" \/><\/figure>\n<\/div>\n\n\n<div style=\"height:10px\" aria-hidden=\"true\" class=\"wp-block-spacer\"><\/div>\n\n\n\n<p class=\"has-text-align-center\"><span style=\"font-size: 14pt;\"><strong>Bc. Jana \u010cechtick\u00e1<\/strong><\/span><br><span style=\"color: #000000; font-size: 14pt;\">porodn\u00ed asistentka<\/span><\/p>\n<\/div>\n<\/div>\n\n\n\n<div style=\"height:30px\" aria-hidden=\"true\" class=\"wp-block-spacer\"><\/div>\n","protected":false},"excerpt":{"rendered":"<p>MUDr. Michaela Dubcov\u00e1atestace v oboru gynekologie a porodnictv\u00ed MUDr. Martin Kol\u00e1\u0159atestace v oboru gynekologie a porodnictv\u00ed Bc. Jana \u010cechtick\u00e1porodn\u00ed asistentka<\/p>\n","protected":false},"author":1,"featured_media":0,"parent":0,"menu_order":0,"comment_status":"closed","ping_status":"closed","template":"","meta":{"neve_meta_sidebar":"","neve_meta_container":"","neve_meta_enable_content_width":"","neve_meta_content_width":0,"neve_meta_title_alignment":"","neve_meta_author_avatar":"","neve_post_elements_order":"","neve_meta_disable_header":"","neve_meta_disable_footer":"","neve_meta_disable_title":"","footnotes":""},"class_list":["post-778","page","type-page","status-publish","hentry"],"_links":{"self":[{"href":"https:\/\/www.gynekologietabor.cz\/index.php?rest_route=\/wp\/v2\/pages\/778","targetHints":{"allow":["GET"]}}],"collection":[{"href":"https:\/\/www.gynekologietabor.cz\/index.php?rest_route=\/wp\/v2\/pages"}],"about":[{"href":"https:\/\/www.gynekologietabor.cz\/index.php?rest_route=\/wp\/v2\/types\/page"}],"author":[{"embeddable":true,"href":"https:\/\/www.gynekologietabor.cz\/index.php?rest_route=\/wp\/v2\/users\/1"}],"replies":[{"embeddable":true,"href":"https:\/\/www.gynekologietabor.cz\/index.php?rest_route=%2Fwp%2Fv2%2Fcomments&post=778"}],"version-history":[{"count":22,"href":"https:\/\/www.gynekologietabor.cz\/index.php?rest_route=\/wp\/v2\/pages\/778\/revisions"}],"predecessor-version":[{"id":977,"href":"https:\/\/www.gynekologietabor.cz\/index.php?rest_route=\/wp\/v2\/pages\/778\/revisions\/977"}],"wp:attachment":[{"href":"https:\/\/www.gynekologietabor.cz\/index.php?rest_route=%2Fwp%2Fv2%2Fmedia&parent=778"}],"curies":[{"name":"wp","href":"https:\/\/api.w.org\/{rel}","templated":true}]}}